{"id":86,"date":"2018-03-09T21:41:04","date_gmt":"2018-03-09T21:41:04","guid":{"rendered":"http:\/\/www.groovingkeys.ch\/?page_id=86"},"modified":"2020-03-24T12:46:04","modified_gmt":"2020-03-24T11:46:04","slug":"musiktheorie","status":"publish","type":"page","link":"http:\/\/www.groovingkeys.ch\/index.php\/musiktheorie\/","title":{"rendered":"Musiktheorie"},"content":{"rendered":"<p>Liebe Sch\u00fclerinnen und Sch\u00fcler, Liebe Interessierte<\/p>\n<p>Ziel dieser Website ist es, aktuellen und ehemaligen Sch\u00fclerinnen und Sch\u00fclern, sowie allen Interessierten die Themen der Musiktheorie pragmatisch und praktisch n\u00e4her zu bringen.<\/p>\n<p>Diese Website steckt noch in den Kinderschuhen. Es ist noch etwas Geduld angebracht &#8230;<\/p>\n<p>Beachtet bitte: die Menustruktur des Musiktheorie-Menupunktes ist komplex. Alle Menupunkte, auch die Start- und Zwischenpunkte, enthalten Inhalte. Ein Beispiel:<\/p>\n<p>Musiktheorie &#8211; Den Inhalt, den ihr gerade lest.<\/p>\n<p>&#8211; Noten schreiben und lesen &#8211; Allgemeines \u00fcber die Notennamen<br \/>\n&#8211; &#8211; Tonh\u00f6he &#8211; Detaillierte Informationen \u00fcber das Notenlesen<br \/>\n&#8211; &#8211; Tonl\u00e4nge &#8211; Detaillierte Informationen \u00fcber das Notenlesen<\/p>\n<p>Ich w\u00fcnsche viel Vergn\u00fcgen!<\/p>\n","protected":false},"excerpt":{"rendered":"<p>Liebe Sch\u00fclerinnen und Sch\u00fcler, Liebe Interessierte Ziel dieser Website ist es, aktuellen und ehemaligen Sch\u00fclerinnen und Sch\u00fclern, sowie allen Interessierten die Themen der Musiktheorie pragmatisch und praktisch n\u00e4her zu bringen. Diese Website steckt noch in den Kinderschuhen. Es ist noch etwas Geduld angebracht &#8230; Beachtet bitte: die Menustruktur des Musiktheorie-Menupunktes ist komplex. Alle Menupunkte, auch &hellip; <\/p>\n<p class=\"link-more\"><a href=\"http:\/\/www.groovingkeys.ch\/index.php\/musiktheorie\/\" class=\"more-link\"><span class=\"screen-reader-text\">&#171;Musiktheorie&#187;<\/span> weiterlesen<\/a><\/p>\n","protected":false},"author":1,"featured_media":0,"parent":0,"menu_order":2,"comment_status":"closed","ping_status":"closed","template":"","meta":{"footnotes":""},"class_list":["post-86","page","type-page","status-publish","hentry"],"jetpack_sharing_enabled":true,"_links":{"self":[{"href":"http:\/\/www.groovingkeys.ch\/index.php\/wp-json\/wp\/v2\/pages\/86","targetHints":{"allow":["GET"]}}],"collection":[{"href":"http:\/\/www.groovingkeys.ch\/index.php\/wp-json\/wp\/v2\/pages"}],"about":[{"href":"http:\/\/www.groovingkeys.ch\/index.php\/wp-json\/wp\/v2\/types\/page"}],"author":[{"embeddable":true,"href":"http:\/\/www.groovingkeys.ch\/index.php\/wp-json\/wp\/v2\/users\/1"}],"replies":[{"embeddable":true,"href":"http:\/\/www.groovingkeys.ch\/index.php\/wp-json\/wp\/v2\/comments?post=86"}],"version-history":[{"count":4,"href":"http:\/\/www.groovingkeys.ch\/index.php\/wp-json\/wp\/v2\/pages\/86\/revisions"}],"predecessor-version":[{"id":463,"href":"http:\/\/www.groovingkeys.ch\/index.php\/wp-json\/wp\/v2\/pages\/86\/revisions\/463"}],"wp:attachment":[{"href":"http:\/\/www.groovingkeys.ch\/index.php\/wp-json\/wp\/v2\/media?parent=86"}],"curies":[{"name":"wp","href":"https:\/\/api.w.org\/{rel}","templated":true}]}}