{"id":255,"date":"2020-03-15T10:26:12","date_gmt":"2020-03-15T09:26:12","guid":{"rendered":"http:\/\/www.groovingkeys.ch\/?page_id=255"},"modified":"2025-01-17T15:45:56","modified_gmt":"2025-01-17T14:45:56","slug":"instrumentenvorstellung","status":"publish","type":"page","link":"http:\/\/www.groovingkeys.ch\/index.php\/instrumentenvorstellung\/","title":{"rendered":"Instrumentenvorstellung\/ Video Portraits"},"content":{"rendered":"\n<p>Die Musikschule ist hoch erfreut, Ihnen die neuen Instrumenten- und Unterrichts-Portraits zu pr\u00e4sentieren. Sie zeigen einen authentischen Ausschnitt aus dem Unterricht und pr\u00e4sentieren Ihnen das Instrument, die Lehrperson und die Stimmung des Unterrichts.<br><br>F\u00fcr Fragen sind wir selbstverst\u00e4ndlich f\u00fcr Sie da, am Besten via Mail.<\/p>\n\n\n\n<p><strong><a href=\"http:\/\/www.groovingkeys.ch\/index.php\/instrumentenvorstellung\/akkordeon\/\">AKKORDEON<\/a><\/strong><br><a href=\"http:\/\/www.groovingkeys.ch\/index.php\/instrumentenvorstellung\/blockfloete\/\"><strong>BLOCKFL\u00d6TEN<\/strong><\/a><br><a href=\"http:\/\/www.groovingkeys.ch\/index.php\/instrumentenvorstellung\/oboe\/\"><strong>OBOE<\/strong><\/a><br><strong><a href=\"http:\/\/www.groovingkeys.ch\/index.php\/instrumentenvorstellung\/praesentation-cello\/\">CELLO<\/a><\/strong><br><strong><a href=\"http:\/\/www.groovingkeys.ch\/index.php\/instrumentenvorstellung\/die-stimme\/\">DIE STIMME<\/a><\/strong><br><a href=\"http:\/\/www.groovingkeys.ch\/index.php\/instrumentenvorstellung\/e-bass\/\"><strong>E-BASS<\/strong><\/a><br><a href=\"http:\/\/www.groovingkeys.ch\/index.php\/instrumentenvorstellung\/geige-violine\/\"><strong>GEIGE<\/strong><\/a><br><a href=\"http:\/\/www.groovingkeys.ch\/index.php\/instrumentenvorstellung\/gitarre-elektrische-g\/\"><strong>E-GITARRE<\/strong><\/a><br><strong><a href=\"http:\/\/www.groovingkeys.ch\/index.php\/instrumentenvorstellung\/gitarre-klassische-oder-akustische-g\/\">A-GITARRE<\/a><\/strong><br><a href=\"http:\/\/www.groovingkeys.ch\/index.php\/instrumentenvorstellung\/keyboard-e-piano\/\"><strong>PIANO &#8211; E-PIANO<\/strong><\/a><br><a href=\"http:\/\/www.groovingkeys.ch\/index.php\/keyboard\/\"><strong>KEYBOARD<\/strong><\/a><br><strong><a href=\"http:\/\/www.groovingkeys.ch\/index.php\/instrumentenvorstellung\/klavier\/\">KLAVIER<\/a><\/strong><br><a href=\"http:\/\/www.groovingkeys.ch\/index.php\/instrumentenvorstellung\/klarinette\/\"><strong>KLARINETTE<\/strong><\/a><br><strong><a href=\"http:\/\/www.groovingkeys.ch\/index.php\/instrumentenvorstellung\/querfloete\/\">QUERFL\u00d6TE<\/a><\/strong><br><a href=\"http:\/\/www.groovingkeys.ch\/index.php\/instrumentenvorstellung\/saxophon\/\"><strong>SAXOPHON<\/strong><\/a><br><a href=\"http:\/\/www.groovingkeys.ch\/index.php\/instrumentenvorstellung\/schlagzeug-e-drum\/\"><strong>SCHLAGZEUG<\/strong><\/a><br><a href=\"http:\/\/www.groovingkeys.ch\/index.php\/instrumentenvorstellung\/trompete\/\"><strong>TROMPETE (auch Posaune)<\/strong><\/a><\/p>\n","protected":false},"excerpt":{"rendered":"<p>Die Musikschule ist hoch erfreut, Ihnen die neuen Instrumenten- und Unterrichts-Portraits zu pr\u00e4sentieren. Sie zeigen einen authentischen Ausschnitt aus dem Unterricht und pr\u00e4sentieren Ihnen das Instrument, die Lehrperson und die Stimmung des Unterrichts. F\u00fcr Fragen sind wir selbstverst\u00e4ndlich f\u00fcr Sie da, am Besten via Mail. AKKORDEONBLOCKFL\u00d6TENOBOECELLODIE STIMMEE-BASSGEIGEE-GITARREA-GITARREPIANO &#8211; E-PIANOKEYBOARDKLAVIERKLARINETTEQUERFL\u00d6TESAXOPHONSCHLAGZEUGTROMPETE (auch Posaune)<\/p>\n","protected":false},"author":1,"featured_media":0,"parent":0,"menu_order":0,"comment_status":"closed","ping_status":"closed","template":"","meta":{"footnotes":""},"class_list":["post-255","page","type-page","status-publish","hentry"],"jetpack_sharing_enabled":true,"_links":{"self":[{"href":"http:\/\/www.groovingkeys.ch\/index.php\/wp-json\/wp\/v2\/pages\/255","targetHints":{"allow":["GET"]}}],"collection":[{"href":"http:\/\/www.groovingkeys.ch\/index.php\/wp-json\/wp\/v2\/pages"}],"about":[{"href":"http:\/\/www.groovingkeys.ch\/index.php\/wp-json\/wp\/v2\/types\/page"}],"author":[{"embeddable":true,"href":"http:\/\/www.groovingkeys.ch\/index.php\/wp-json\/wp\/v2\/users\/1"}],"replies":[{"embeddable":true,"href":"http:\/\/www.groovingkeys.ch\/index.php\/wp-json\/wp\/v2\/comments?post=255"}],"version-history":[{"count":21,"href":"http:\/\/www.groovingkeys.ch\/index.php\/wp-json\/wp\/v2\/pages\/255\/revisions"}],"predecessor-version":[{"id":737,"href":"http:\/\/www.groovingkeys.ch\/index.php\/wp-json\/wp\/v2\/pages\/255\/revisions\/737"}],"wp:attachment":[{"href":"http:\/\/www.groovingkeys.ch\/index.php\/wp-json\/wp\/v2\/media?parent=255"}],"curies":[{"name":"wp","href":"https:\/\/api.w.org\/{rel}","templated":true}]}}