{"id":104,"date":"2018-03-09T21:55:22","date_gmt":"2018-03-09T21:55:22","guid":{"rendered":"http:\/\/www.groovingkeys.ch\/?page_id=104"},"modified":"2018-03-10T09:48:09","modified_gmt":"2018-03-10T09:48:09","slug":"wenn-toene-gemeinsam-klingen","status":"publish","type":"page","link":"http:\/\/www.groovingkeys.ch\/index.php\/musiktheorie\/wenn-toene-gemeinsam-klingen\/","title":{"rendered":"Wenn T\u00f6ne gemeinsam klingen"},"content":{"rendered":"<p>Die fr\u00fcheste Form der Mehrstimmigkeit in der abendl\u00e4ndischen Musik, entstand um 800 n.Chr. Diese Musik, die aus einer Melodie (ein gregorianischer Choral) und einem parallel dazu gesungenen liegenden Ton bestand, nannte man Organum. Damals eine echte Revolution in der christlich gepr\u00e4gten Musik.<\/p>\n<p>Wenn zwei T\u00f6ne zeitgleich klingen spricht man von Intervallen. Wenn drei oder mehr T\u00f6ne zeitgleich klingen, dann spricht man von Akkorden oder harmonien. Aber sch\u00f6n der Reihe nach: zuerst schauen wir gemeinsam die Intervalle an, die sp\u00e4ter  die Bausteine f\u00fcr die Akkorde sein werden.<\/p>\n","protected":false},"excerpt":{"rendered":"<p>Die fr\u00fcheste Form der Mehrstimmigkeit in der abendl\u00e4ndischen Musik, entstand um 800 n.Chr. Diese Musik, die aus einer Melodie (ein gregorianischer Choral) und einem parallel dazu gesungenen liegenden Ton bestand, nannte man Organum. Damals eine echte Revolution in der christlich gepr\u00e4gten Musik. Wenn zwei T\u00f6ne zeitgleich klingen spricht man von Intervallen. Wenn drei oder mehr &hellip; <\/p>\n<p class=\"link-more\"><a href=\"http:\/\/www.groovingkeys.ch\/index.php\/musiktheorie\/wenn-toene-gemeinsam-klingen\/\" class=\"more-link\"><span class=\"screen-reader-text\">&#171;Wenn T\u00f6ne gemeinsam klingen&#187;<\/span> weiterlesen<\/a><\/p>\n","protected":false},"author":1,"featured_media":0,"parent":86,"menu_order":3,"comment_status":"closed","ping_status":"closed","template":"","meta":{"footnotes":""},"class_list":["post-104","page","type-page","status-publish","hentry"],"jetpack_sharing_enabled":true,"_links":{"self":[{"href":"http:\/\/www.groovingkeys.ch\/index.php\/wp-json\/wp\/v2\/pages\/104","targetHints":{"allow":["GET"]}}],"collection":[{"href":"http:\/\/www.groovingkeys.ch\/index.php\/wp-json\/wp\/v2\/pages"}],"about":[{"href":"http:\/\/www.groovingkeys.ch\/index.php\/wp-json\/wp\/v2\/types\/page"}],"author":[{"embeddable":true,"href":"http:\/\/www.groovingkeys.ch\/index.php\/wp-json\/wp\/v2\/users\/1"}],"replies":[{"embeddable":true,"href":"http:\/\/www.groovingkeys.ch\/index.php\/wp-json\/wp\/v2\/comments?post=104"}],"version-history":[{"count":2,"href":"http:\/\/www.groovingkeys.ch\/index.php\/wp-json\/wp\/v2\/pages\/104\/revisions"}],"predecessor-version":[{"id":178,"href":"http:\/\/www.groovingkeys.ch\/index.php\/wp-json\/wp\/v2\/pages\/104\/revisions\/178"}],"up":[{"embeddable":true,"href":"http:\/\/www.groovingkeys.ch\/index.php\/wp-json\/wp\/v2\/pages\/86"}],"wp:attachment":[{"href":"http:\/\/www.groovingkeys.ch\/index.php\/wp-json\/wp\/v2\/media?parent=104"}],"curies":[{"name":"wp","href":"https:\/\/api.w.org\/{rel}","templated":true}]}}